{"id":3092,"date":"2020-10-01T14:09:43","date_gmt":"2020-10-01T14:09:43","guid":{"rendered":"https:\/\/ecomm-s1.com\/datenschutzbestimmungen\/"},"modified":"2023-01-31T11:13:06","modified_gmt":"2023-01-31T11:13:06","slug":"datenschutzbestimmungen","status":"publish","type":"page","link":"https:\/\/ecomm-s1.com\/de\/datenschutzbestimmungen\/","title":{"rendered":"Datenschutzbestimmungen"},"content":{"rendered":"\n<h1 class=\"wp-block-heading\">Datenschutzbestimmungen<\/h1>\n\n<p><em>Letzte Aktualisierung Oktober 2022<\/em><\/p>\n\n<p>In dieser Datenschutzrichtlinie <strong>(&#8222;Richtlinie&#8220;, &#8222;Datenschutzrichtlinie&#8220;)<\/strong> wird erl\u00e4utert, wie wir Ihre pers\u00f6nlichen Daten bei der Nutzung dieser Website, beim Besuch dieser Website, bei der Nutzung unserer Anwendungen und Dienste oder bei einer sonstigen Kontaktaufnahme mit uns erfassen und verwenden.<\/p>\n\n<p>In dieser Datenschutzrichtlinie werden Ihre Angaben manchmal als &#8222;<strong>pers\u00f6nliche Daten<\/strong>&#8220; oder &#8222;<strong>pers\u00f6nliche Informationen<\/strong>&#8220; bezeichnet. Wir bezeichnen diesen Vorgang als das Sammeln, den Schutz und die Speicherung Ihrer personenbezogenen Daten, auch zusammengefasst als &#8222;Verarbeitung&#8220; Ihrer Daten.<\/p>\n\n<p><strong>Das Unternehmen verpflichtet sich zur Einhaltung der Datenschutzgrunds\u00e4tze (einschlie\u00dflich der FTC Self-Regulatory Principles for Online Behavioral Advertising) und aller relevanten Bestimmungen des Fair Credit Reporting Act (&#8222;FCRA&#8220;), Attack Control. Einhaltung des CAN-SPAM-Gesetzes (Unsolicited Pornography and Marketing), des TCPA-Gesetzes (Telephone Consumer Protection Act) und anderer US-amerikanischer Bundes- und Landesgesetze zum Datenschutz<\/strong>  .<\/p>\n\n<p><strong>In dieser Richtlinie steht der Begriff &#8222;Unternehmen&#8220; oder &#8222;wir&#8220;, &#8222;uns&#8220;, &#8222;unser&#8220; f\u00fcr Label Products BV, ein in den Niederlanden gegr\u00fcndetes Unternehmen mit Sitz in Steenovenweg 5, 5708 HN Helmond, Niederlande.  <\/strong><\/p>\n\n<div style=\"height:43px\" aria-hidden=\"true\" class=\"wp-block-spacer\"><\/div>\n\n<ol class=\"wp-block-list\">\n<li><strong>Welche pers\u00f6nlichen Daten wir sammeln<\/strong><\/li>\n<\/ol>\n\n<p>Durch die Nutzung dieser Website erkl\u00e4ren Sie, dass Sie in Ihrem Wohnsitzland mindestens vollj\u00e4hrig sind oder dass Sie in Ihrem Wohnsitzland vollj\u00e4hrig sind und uns Ihr Einverst\u00e4ndnis gegeben haben, dass Ihre minderj\u00e4hrigen Angeh\u00f6rigen diese Website nutzen d\u00fcrfen.<\/p>\n\n<p>Wenn Sie unsere Website besuchen, k\u00f6nnen wir die folgenden Daten aufzeichnen\/erfassen:<\/p>\n\n<ul class=\"wp-block-list\">\n<li>Ihre Telefonnummer und E-Mail Adresse.<\/li>\n<\/ul>\n\n<ul class=\"wp-block-list\">\n<li>Ihre IP-Adresse und der Zeitstempel Ihres Ger\u00e4ts.<\/li>\n<\/ul>\n\n<ul class=\"wp-block-list\">\n<li>Informationen \u00fcber Ihr Ger\u00e4t, Ihren Browser und Ihr Betriebssystem.<\/li>\n<\/ul>\n\n<ul class=\"wp-block-list\">\n<li>Verweisende URLs, die Sie bei Ihren Besuchen verwenden.<\/li>\n<\/ul>\n\n<ul class=\"wp-block-list\">\n<li>Datenprofil Ihrer Registrierung und L\u00f6schung Ihrer Angaben auf unserer Website.<\/li>\n<\/ul>\n\n<div style=\"height:43px\" aria-hidden=\"true\" class=\"wp-block-spacer\"><\/div>\n\n<ol class=\"wp-block-list\" start=\"2\">\n<li><strong>Warum sammeln wir Ihre Daten?<\/strong><\/li>\n<\/ol>\n\n<p>Wir sammeln Ihre Daten aus den folgenden Gr\u00fcnden:<\/p>\n\n<ul class=\"wp-block-list\">\n<li>Um unseren Dienst bereitzustellen, zu betreiben und zu warten und den Zugriff auf Ihr Konto zu erm\u00f6glichen.<\/li>\n<\/ul>\n\n<ul class=\"wp-block-list\">\n<li>Bearbeitung, Vervollst\u00e4ndigung und Weiterverfolgung von F\u00e4llen und Anfragen zu Produkten, Dienstleistungen, Support und Informationen.<\/li>\n<\/ul>\n\n<ul class=\"wp-block-list\">\n<li>Um zu pr\u00fcfen, ob Sie unseren Dienst nutzen k\u00f6nnen.<\/li>\n<\/ul>\n\n<ul class=\"wp-block-list\">\n<li>Um Ihre Bed\u00fcrfnisse besser zu verstehen.<\/li>\n<\/ul>\n\n<ul class=\"wp-block-list\">\n<li>Um unseren Service und unsere Produkte zu verbessern.<\/li>\n<\/ul>\n\n<ul class=\"wp-block-list\">\n<li>Aufdeckung und Verhinderung von Betrugsf\u00e4llen.<\/li>\n<\/ul>\n\n<ul class=\"wp-block-list\">\n<li>Um Ihnen Werbe-E-Mails zu senden, die f\u00fcr Sie interessant sein k\u00f6nnten.<\/li>\n<\/ul>\n\n<ul class=\"wp-block-list\">\n<li>Um Sie zu kontaktieren, damit Sie Umfragen ausf\u00fcllen und an Marktforschungen teilnehmen k\u00f6nnen.<\/li>\n<\/ul>\n\n<ul class=\"wp-block-list\">\n<li>Um unsere Website an Ihr Online-Verhalten und Ihre Interessen anpassen zu k\u00f6nnen.<\/li>\n<\/ul>\n\n<ul class=\"wp-block-list\">\n<li>Zur Einhaltung der gesetzlichen Bestimmungen, zur Durchsetzung unserer Bedingungen oder anderer gesetzlicher Rechte oder wenn dies durch Vorschriften oder von einem Gericht oder einer Regierungsbeh\u00f6rde verlangt wird.<\/li>\n<\/ul>\n\n<p>Wir sammeln personenbezogene Daten, die f\u00fcr die oben genannten Zwecke wichtig sind, und versuchen, sie nicht l\u00e4nger als die vorgeschriebenen Zeiten zu speichern. Wir speichern Ihre personenbezogenen Daten so lange, wie es f\u00fcr die Erf\u00fcllung der angegebenen Zwecke erforderlich ist, oder l\u00e4nger, wenn dies gesetzlich vorgeschrieben ist. Nach Ablauf dieser Zeit werden alle Daten gel\u00f6scht.<\/p>\n\n<p>Wenn Sie keine E-Mails mehr von dem Unternehmen erhalten m\u00f6chten, k\u00f6nnen Sie den Link anklicken und sich abmelden.<\/p>\n\n<div style=\"height:43px\" aria-hidden=\"true\" class=\"wp-block-spacer\"><\/div>\n\n<ol class=\"wp-block-list\" start=\"3\">\n<li><strong>Die Rechtsgrundlagen f\u00fcr die Verarbeitung personenbezogener Daten<\/strong><\/li>\n<\/ol>\n\n<p>Die Rechtsgrundlage f\u00fcr die Verarbeitung personenbezogener Daten unter Verwendung von Cookies ist Artikel 6 Absatz 1 Buchstabe (a), (b), (f) der Datenschutzgrundverordnung (DSGVO) in Verbindung mit \u00a7 24 Bundesdatenschutzgesetz (BDSG) und Artikel 6 Absatz 1 Buchstabe (a) der GDPR f\u00fcr Cookies, die eine Zustimmung erfordern.<\/p>\n\n<p>Wir verwenden Ihre personenbezogenen Daten f\u00fcr die oben genannten Zwecke nach: (a) Ihre Zustimmung; (b) die Erf\u00fcllung einer Vereinbarung mit Ihnen; (c) unser Interesse an der Bereitstellung unserer Website; (d) unsere Interessen zum Betrieb unserer Website, sofern diese nicht durch Ihre Interessen \u00fcberlagert werden; (e) zur Erf\u00fcllung gesetzlicher und beh\u00f6rdlicher Verpflichtungen, wie z. B. Aufzeichnungen f\u00fcr Steuerzwecke oder die Bereitstellung von Informationen f\u00fcr eine \u00f6ffentliche Einrichtung oder Beh\u00f6rde.<\/p>\n\n<div style=\"height:43px\" aria-hidden=\"true\" class=\"wp-block-spacer\"><\/div>\n\n<ol class=\"wp-block-list\" start=\"4\">\n<li><strong>Cookie-Politik<\/strong><\/li>\n<\/ol>\n\n<p>Cookies sind kleine Dateien mit Buchstaben und Zahlen, die wir in Ihrem Browser oder auf Ihrem Computer, Tablet oder Mobilger\u00e4t speichern, wenn Sie damit einverstanden sind. Cookies enthalten Informationen, die auf Ihren Computer \u00fcbertragen werden. Eine Cookie-Datei wird in Ihrem Browser gespeichert und erm\u00f6glicht es der Website oder einer dritten Partei, Sie zu erkennen und Ihren n\u00e4chsten Besuch zu erleichtern.<\/p>\n\n<p>Wenn Sie der Verwendung von Cookies auf unserer Website zustimmen, erkl\u00e4ren Sie sich auch mit der Verwendung der von uns gesammelten Daten einverstanden (Analyse des Webverkehrs, auf welchen Websites Sie die meiste Zeit verbringen).<\/p>\n\n<p>Die Daten, die wir mit Hilfe von Cookies sammeln, dienen dazu, unsere Website auf Ihre Bed\u00fcrfnisse abzustimmen. Nachdem wir die Daten f\u00fcr die Analysen verwendet haben, werden sie vollst\u00e4ndig aus unseren Systemen gel\u00f6scht.<\/p>\n\n<p>Bitte denken Sie nicht, dass wir durch Cookies irgendeine Kontrolle \u00fcber Ihren Computer haben. Dies dient lediglich dazu, zu kontrollieren, welche Seiten Sie n\u00fctzlich finden und welche nicht, und damit wir Ihnen ein besseres Erlebnis bieten k\u00f6nnen.<\/p>\n\n<p>Wenn Sie Cookies deaktivieren m\u00f6chten, k\u00f6nnen Sie dies \u00fcber Ihre Browsereinstellungen tun. Das Blockieren aller Cookies wird sich jedoch negativ auf die Nutzung vieler Websites auswirken. Beachten Sie bitte auch, dass einige Funktionen unseres Dienstes m\u00f6glicherweise nicht mehr funktionieren, wenn Sie sich entscheiden, keine Cookies zu akzeptieren.<\/p>\n\n<p>Rechtsgrundlage f\u00fcr die Verarbeitung personenbezogener Daten unter Verwendung von Cookies ist Artikel 6 Absatz 1 Buchstabe e der Verordnung (DSGVO) in Verbindung mit \u00a7 24 Bundesdatenschutzgesetz (BDSG) bzw. Artikel 6 Absatz 1 Buchstabe a der DSGVO f\u00fcr Cookies.<\/p>\n\n<div style=\"height:43px\" aria-hidden=\"true\" class=\"wp-block-spacer\"><\/div>\n\n<ol class=\"wp-block-list\" start=\"5\">\n<li><strong>Ihre Rechte in Bezug auf personenbezogene Daten<\/strong><\/li>\n<\/ol>\n\n<p>Zus\u00e4tzlich zu den geltenden Datenschutzgesetzen haben Sie (unter bestimmten Voraussetzungen) bestimmte Rechte in Bezug auf Ihre Daten. Weitere Informationen und Beratung zu Ihren Rechten erhalten Sie bei der Datenschutzbeh\u00f6rde Ihres Landes. Sie k\u00f6nnen Informationen \u00fcber Ihre Rechte anfordern, indem Sie sich mit uns in Verbindung setzen.<\/p>\n\n<ul class=\"wp-block-list\">\n<li><strong>Das Recht, der Verarbeitung zu widersprechen: <\/strong>Sie haben das Recht, bestimmten Arten der Verarbeitung zu widersprechen, einschlie\u00dflich der Verarbeitung zu Zwecken des Direktmarketings (d. h. E-Mails, in denen wir Sie \u00fcber andere Dienstleistungen informieren, die f\u00fcr Sie von Interesse sein k\u00f6nnten, oder Sie \u00fcber verschiedene m\u00f6gliche Angebote kontaktieren).<\/li>\n<\/ul>\n\n<ul class=\"wp-block-list\">\n<li><strong>Das Recht, informiert zu werden: <\/strong>Das Recht, informiert zu werden. Sie haben das Recht, leicht verst\u00e4ndliche Informationen dar\u00fcber zu erhalten, wie wir Ihre Daten verwenden und welche Rechte Sie haben. Daher stellen wir Ihnen die in dieser Richtlinie enthaltenen Informationen zur Verf\u00fcgung.<\/li>\n<\/ul>\n\n<ul class=\"wp-block-list\">\n<li><strong>Das Recht auf Zugang.  <\/strong>Sie haben das Recht, auf die gesammelten Daten zuzugreifen, und Sie k\u00f6nnen uns um weitere Informationen bitten (wie in dieser Datenschutzerkl\u00e4rung beschrieben).<\/li>\n<\/ul>\n\n<ul class=\"wp-block-list\">\n<li><strong>Das Recht auf Berichtigung: <\/strong> Sie haben das Recht, Ihre Daten berichtigen zu lassen, wenn sie unrichtig oder unvollst\u00e4ndig sind. Sie k\u00f6nnen verlangen, dass wir eventuelle Fehler in unseren gespeicherten Daten korrigieren.<\/li>\n<\/ul>\n\n<ul class=\"wp-block-list\">\n<li><strong>Das Recht auf L\u00f6schung: <\/strong>Sie haben das Recht, abgesehen von den spezifischen Informationen, zu verlangen, dass Ihre bei uns gespeicherten Daten gel\u00f6scht werden.<\/li>\n<\/ul>\n\n<ul class=\"wp-block-list\">\n<li><strong>Das Recht auf Einschr\u00e4nkung der Verarbeitung: <\/strong>Sie haben das Recht, die weitere Verwendung Ihrer Daten zu sperren oder einzuschr\u00e4nken. Wenn die Verarbeitung gem\u00e4\u00df diesen Rechten eingeschr\u00e4nkt wird, k\u00f6nnen wir Ihre Daten zwar speichern, aber nicht verwenden. Wir haben eine Liste von Personen, die darum gebeten haben, die weitere Verwendung ihrer Daten zu sperren, um sicherzustellen, dass dieser Hinweis in Zukunft befolgt wird.<\/li>\n<\/ul>\n\n<ul class=\"wp-block-list\">\n<li><strong>Das Recht auf Daten\u00fcbertragbarkeit: <\/strong>Sie haben das Recht, Ihre Daten f\u00fcr Ihre eigenen Zwecke \u00fcber verschiedene Dienste hinweg zu erhalten und wiederzuverwenden. Zum Beispiel, wenn Sie zu einem neuen Anbieter wechseln wollen. Dies ist jedoch kein allgemeines Recht und es gibt Ausnahmen.<\/li>\n<\/ul>\n\n<ul class=\"wp-block-list\">\n<li><strong>Das Recht, eine Beschwerde einzureichen: <\/strong>Sie haben das Recht, sich bei Ihrer nationalen Datenschutzbeh\u00f6rde \u00fcber die Art und Weise zu beschweren, wie wir Ihre Daten verarbeiten.<\/li>\n<\/ul>\n\n<ul class=\"wp-block-list\">\n<li><b>Das Recht auf Widerruf Ihrer Zustimmung:<\/b> Wenn die Verarbeitung Ihrer personenbezogenen Daten auf Ihrer Einwilligung beruht, haben Sie das Recht, Ihre Einwilligung jederzeit zu verweigern\/zu widerrufen (was wir bis zu diesem Zeitpunkt mit Ihrer Einwilligung mit Ihren personenbezogenen Daten gemacht haben, bedeutet jedoch nicht, dass es rechtswidrig war). Sie k\u00f6nnen Ihre Einwilligung in die Verarbeitung Ihrer Daten jederzeit widerrufen.<\/li>\n<\/ul>\n\n<p>Es ist wichtig, dass die pers\u00f6nlichen Daten, die wir \u00fcber Sie haben, korrekt und aktuell sind. Bitte informieren Sie uns, wenn sich Ihre pers\u00f6nlichen Daten w\u00e4hrend der Dauer der Speicherung \u00e4ndern.<\/p>\n\n<div style=\"height:43px\" aria-hidden=\"true\" class=\"wp-block-spacer\"><\/div>\n\n<ol class=\"wp-block-list\" start=\"6\">\n<li><strong>Schutz und Sicherheit von personenbezogenen Daten<\/strong><\/li>\n<\/ol>\n\n<p>Das Unternehmen verpflichtet sich, Ihre Daten zu sch\u00fctzen und sie vertraulich zu behandeln. Das Unternehmen hat alle notwendigen Ma\u00dfnahmen ergriffen, um Datendiebstahl, unbefugten Zugriff und Offenlegung zu verhindern, indem es die neuesten Technologien und Software verwendet, die uns helfen, alle Informationen, die wir online sammeln, sicher zu halten.<\/p>\n\n<p>In \u00dcbereinstimmung mit der Allgemeinen Datenschutzverordnung haben wir Sicherheitsma\u00dfnahmen entwickelt, um mit einer m\u00f6glichen Verletzung des Schutzes personenbezogener Daten umzugehen. Im Falle einer Verletzung des Schutzes werden Sie und die zust\u00e4ndige Aufsichtsbeh\u00f6rde benachrichtigt.<\/p>\n\n<p>Wir sind nicht verantwortlich f\u00fcr die Sicherheit von Anwendungen und Diensten Dritter oder f\u00fcr die von Dritten erhobenen Daten. Bitte fragen Sie diese Dritten, wie sie Ihre Daten sch\u00fctzen.<\/p>\n\n<div style=\"height:43px\" aria-hidden=\"true\" class=\"wp-block-spacer\"><\/div>\n\n<ol class=\"wp-block-list\" start=\"7\">\n<li><strong>Offenlegung von personenbezogenen Daten\/Informationen<\/strong><\/li>\n<\/ol>\n\n<p>Wir k\u00f6nnen verpflichtet sein, Ihre pers\u00f6nlichen Daten in \u00dcbereinstimmung mit dem Gesetz an bestimmte Beh\u00f6rden oder andere Dritte weiterzugeben, z. B. an Strafverfolgungsbeh\u00f6rden in den L\u00e4ndern, in denen wir oder Dritte in unserem Namen t\u00e4tig sind. Wir k\u00f6nnen Ihre personenbezogenen Daten daher auch zur Wahrung der Interessen des Unternehmens, z. B. in Gerichtsverfahren oder im Zusammenhang mit beh\u00f6rdlichen Angelegenheiten, offenlegen und anderweitig gem\u00e4\u00df den gesetzlichen Bestimmungen verarbeiten.<\/p>\n\n<p>Daher kann es vorkommen, dass wir in F\u00e4llen, in denen wir beschlie\u00dfen, unser Unternehmen in bestimmten L\u00e4ndern zu verkaufen, zu kaufen oder anderweitig zu reorganisieren, Ihre pers\u00f6nlichen Daten an potenzielle oder tats\u00e4chliche K\u00e4ufer weitergeben oder pers\u00f6nliche Daten von Verk\u00e4ufern erhalten.<\/p>\n\n<div style=\"height:43px\" aria-hidden=\"true\" class=\"wp-block-spacer\"><\/div>\n\n<ol class=\"wp-block-list\" start=\"8\">\n<li><strong>Auswahl und \u00c4nderungen von Informationen<\/strong><\/li>\n<\/ol>\n\n<p>In unseren Marketing-E-Mails erfahren Sie, wie Sie sich von weiteren Marketing-E-Mails abmelden k\u00f6nnen. Wenn Sie sich abmelden, k\u00f6nnen wir Ihnen keine weiteren marketingbezogenen E-Mails mehr schicken. Zu den E-Mails, die keine Marketingzwecke verfolgen, geh\u00f6ren E-Mails \u00fcber Ihre Konten und unsere Gesch\u00e4fte mit Ihnen, und sie k\u00f6nnen auch Aufforderungen zur Teilnahme an Umfragen \u00fcber Ihre Nutzung der Dienste und Ihre Zufriedenheit damit enthalten.<\/p>\n\n<p>Sie k\u00f6nnen uns Anfragen zu Ihren pers\u00f6nlichen Daten \u00fcber unsere E-Mail senden. Sie k\u00f6nnen Ihre Kontakt- oder Marketingentscheidungen \u00e4ndern und Ihre personenbezogenen Daten oder Inhalte, die Sie in den Diensten ver\u00f6ffentlichen, aktualisieren, abrufen, l\u00f6schen oder auf andere Weise \u00e4ndern, sofern dies mit Ihren oben genannten Rechten vereinbar ist. Wir k\u00f6nnen nur die gesetzlich vorgeschriebenen Anforderungen erf\u00fcllen.<\/p>\n\n<p>Zus\u00e4tzlich zu den Wahlm\u00f6glichkeiten, die in dieser Richtlinie n\u00e4her erl\u00e4utert werden, gibt es viele M\u00f6glichkeiten, wie Webbrowser-Signale (auch: &#8222;Do Not Track&#8220; oder &#8222;DNT&#8220;) und \u00e4hnliche Mechanismen Ihre Entscheidung anzeigen k\u00f6nnen, das Tracking abzulehnen, aber seien Sie sich all dieser Mechanismen bewusst, die wir nicht sind. Sie k\u00f6nnen andere Instrumente zur Kontrolle der Datenerfassung und -nutzung verwenden, einschlie\u00dflich der in dieser Richtlinie beschriebenen Kontrollen.<\/p>\n\n<div style=\"height:43px\" aria-hidden=\"true\" class=\"wp-block-spacer\"><\/div>\n\n<ol class=\"wp-block-list\" start=\"9\">\n<li><strong>Internationale \u00dcbermittlung von personenbezogenen Daten<\/strong><\/li>\n<\/ol>\n\n<p>Wir k\u00f6nnen Produkte und Dienstleistungen anbieten, die Ressourcen aus verschiedenen L\u00e4ndern der Welt nutzen. Wenn Ihre personenbezogenen Daten aus der EU in L\u00e4nder au\u00dferhalb des Europ\u00e4ischen Wirtschaftsraums (EWR) \u00fcbermittelt werden, werden die erforderlichen Sicherheitsma\u00dfnahmen zum Schutz Ihrer Daten getroffen; wir stellen sicher, dass alle Daten\u00fcbermittlungen den geltenden Datenschutzgesetzen und unseren Anweisungen entsprechen.<\/p>\n\n<div style=\"height:43px\" aria-hidden=\"true\" class=\"wp-block-spacer\"><\/div>\n\n<ol class=\"wp-block-list\" start=\"10\">\n<li><strong>Links zu anderen Seiten<\/strong><\/li>\n<\/ol>\n\n<p>Unsere Website enth\u00e4lt Links zu anderen Websites. Wenn Sie auf diese Links klicken, ist das Unternehmen nicht f\u00fcr den Schutz Ihrer Daten und Ihrer Privatsph\u00e4re verantwortlich. Der Besuch dieser Websites unterliegt nicht den Bestimmungen der vorliegenden Datenschutzvereinbarung. Lesen Sie die Datenschutzbestimmungen der Website, auf die Sie von unserer Website aus zugreifen.<\/p>\n\n<div style=\"height:43px\" aria-hidden=\"true\" class=\"wp-block-spacer\"><\/div>\n\n<ol class=\"wp-block-list\" start=\"11\">\n<li><strong>Haftungsausschluss<\/strong><\/li>\n<\/ol>\n\n<p>Das Unternehmen haftet nicht f\u00fcr Kosten, Ausgaben, Gewinneinbu\u00dfen, Rufsch\u00e4digung, Schaden, Haftung oder andere Arten von Verlusten oder Sch\u00e4den, die Sie infolge Ihrer Entscheidung, uns Ihre pers\u00f6nlichen Daten zur Verf\u00fcgung zu stellen, erleiden. Dieser Haftungsausschluss gilt nicht f\u00fcr Nutzer aus beh\u00f6rdlichen Bereichen, in denen solche Haftungsausschl\u00fcsse nicht zul\u00e4ssig sind.<\/p>\n\n<div style=\"height:43px\" aria-hidden=\"true\" class=\"wp-block-spacer\"><\/div>\n\n<ol class=\"wp-block-list\" start=\"12\">\n<li><strong>\u00c4nderungen an dieser Datenschutzrichtlinie<\/strong><\/li>\n<\/ol>\n\n<p>Das Unternehmen kann jederzeit \u00c4nderungen an dieser Richtlinie vornehmen und wird die \u00fcberarbeitete Version auf der Website ver\u00f6ffentlichen. Sollte eine \u00fcberarbeitete Version wesentliche \u00c4nderungen enthalten, so werden diese sofort wirksam und werden bis zum oben genannten Aktualisierungsdatum vermerkt. Sie sollten diese Seite von Zeit zu Zeit \u00fcberpr\u00fcfen, um \u00fcber etwaige \u00c4nderungen informiert zu werden. Wenn Sie die Website nach solchen \u00c4nderungen nutzen, erkl\u00e4ren Sie sich mit diesen \u00c4nderungen einverstanden.<\/p>\n\n<div style=\"height:43px\" aria-hidden=\"true\" class=\"wp-block-spacer\"><\/div>\n\n<ol class=\"wp-block-list\" start=\"13\">\n<li><strong>Trennbarkeit<\/strong><\/li>\n<\/ol>\n\n<p>Sollte eine Bestimmung dieser Datenschutzrichtlinie gesetzlich verboten sein oder sich als nicht durchsetzbar erweisen, wird diese Bestimmung abgetrennt und die \u00fcbrigen Bestimmungen dieser Richtlinie bleiben davon unber\u00fchrt, so dass diese Richtlinie in vollem Umfang in Kraft bleibt, als w\u00e4re die nicht durchsetzbare Bestimmung nie Teil dieser Richtlinie gewesen.<\/p>\n\n<div style=\"height:43px\" aria-hidden=\"true\" class=\"wp-block-spacer\"><\/div>\n\n<ol class=\"wp-block-list\" start=\"14\">\n<li><strong>Geltendes Recht<\/strong><\/li>\n<\/ol>\n\n<p>Diese Police und alle Streitigkeiten, Meinungsverschiedenheiten, Verfahren oder Anspr\u00fcche jeglicher Art, die sich aus dieser Police ergeben oder in irgendeiner Weise mit ihr zusammenh\u00e4ngen (einschlie\u00dflich au\u00dfervertraglicher Streitigkeiten), unterliegen niederl\u00e4ndischem Recht und werden nach diesem ausgelegt.<\/p>\n\n<p>Im Falle eines Rechtsstreits vereinbaren die Parteien, dass das zust\u00e4ndige Gericht in Amsterdam f\u00fcr die Verhandlung und\/oder Entscheidung aller Streitigkeiten, Meinungsverschiedenheiten oder Anspr\u00fcche (einschlie\u00dflich au\u00dfervertraglicher Streitigkeiten, Meinungsverschiedenheiten oder Anspr\u00fcche) zust\u00e4ndig ist, die sich aus diesen Bedingungen ergeben oder mit ihnen in Zusammenhang stehen, auch im Hinblick auf die G\u00fcltigkeit, das Zustandekommen oder die K\u00fcndigung.<\/p>\n\n<div style=\"height:43px\" aria-hidden=\"true\" class=\"wp-block-spacer\"><\/div>\n\n<ol class=\"wp-block-list\" start=\"15\">\n<li><strong>Kontaktangaben<\/strong><\/li>\n<\/ol>\n\n<p>Wenn Sie Fragen zu Ihren pers\u00f6nlichen Daten, zum Zugang, zur Berichtigung oder zur L\u00f6schung Ihrer Daten haben, wenden Sie sich bitte an uns:<\/p>\n\n<p>per E-Mail:<\/p>\n\n<ul class=\"wp-block-list\">\n<li><a href=\"mailto:support@ecomm-s1.com\">support@ecomm-s1.com<\/a> (Englisch)<\/li>\n<\/ul>\n\n<ul class=\"wp-block-list\">\n<li><a href=\"mailto:kundenservice@ecomm-s1.com\">kundenservice@ecomm-s1.com<\/a> (Deutsch)<\/li>\n\n\n\n<li><a href=\"mailto:serviceclient@ecomm-s1.com\">serviceclient@ecomm-s1.com<\/a> (Franz\u00f6sisch)<\/li>\n<\/ul>\n\n<p>oder rufen Sie uns an:<\/p>\n\n<ul class=\"wp-block-list\">\n<li><a href=\"tel:+18663008985\" target=\"_blank\" rel=\"noopener\">+18663008985<\/a> (USA)<\/li>\n\n\n\n<li><a href=\"tel:+448000729935\">+448000729935<\/a> (UK)<\/li>\n<\/ul>\n\n<ul class=\"wp-block-list\">\n<li><a href=\"tel:+498002309023\">+498002309023<\/a> (DE)<\/li>\n<\/ul>\n\n<ul class=\"wp-block-list\">\n<li><a href=\"tel:+43800909739\">+43800909739<\/a> (AT)<\/li>\n\n\n\n<li><a href=\"tel:+33800945428\">+33800945428<\/a> (FR)<\/li>\n<\/ul>\n\n<p>Wir werden uns so schnell wie m\u00f6glich bei Ihnen melden.<\/p>\n\n<p>Das Unternehmen gibt keine garantierte Antwortzeit an, bem\u00fcht sich aber, Ihre Fragen innerhalb von f\u00fcnf (5) Werktagen zu beantworten.<\/p>\n","protected":false},"excerpt":{"rendered":"<p>Datenschutzbestimmungen Letzte Aktualisierung Oktober 2022 In dieser Datenschutzrichtlinie (&#8222;Richtlinie&#8220;, &#8222;Datenschutzrichtlinie&#8220;) wird erl\u00e4utert, wie wir Ihre pers\u00f6nlichen Daten bei der Nutzung dieser Website, beim Besuch dieser Website, bei der Nutzung unserer Anwendungen und Dienste oder bei einer sonstigen Kontaktaufnahme mit uns erfassen und verwenden. In dieser Datenschutzrichtlinie werden Ihre Angaben manchmal als &#8222;pers\u00f6nliche Daten&#8220; oder &#8222;pers\u00f6nliche [&hellip;]<\/p>\n","protected":false},"author":1,"featured_media":0,"parent":0,"menu_order":0,"comment_status":"closed","ping_status":"closed","template":"","meta":{"footnotes":""},"class_list":["post-3092","page","type-page","status-publish","hentry"],"_links":{"self":[{"href":"https:\/\/ecomm-s1.com\/de\/wp-json\/wp\/v2\/pages\/3092","targetHints":{"allow":["GET"]}}],"collection":[{"href":"https:\/\/ecomm-s1.com\/de\/wp-json\/wp\/v2\/pages"}],"about":[{"href":"https:\/\/ecomm-s1.com\/de\/wp-json\/wp\/v2\/types\/page"}],"author":[{"embeddable":true,"href":"https:\/\/ecomm-s1.com\/de\/wp-json\/wp\/v2\/users\/1"}],"replies":[{"embeddable":true,"href":"https:\/\/ecomm-s1.com\/de\/wp-json\/wp\/v2\/comments?post=3092"}],"version-history":[{"count":1,"href":"https:\/\/ecomm-s1.com\/de\/wp-json\/wp\/v2\/pages\/3092\/revisions"}],"predecessor-version":[{"id":3093,"href":"https:\/\/ecomm-s1.com\/de\/wp-json\/wp\/v2\/pages\/3092\/revisions\/3093"}],"wp:attachment":[{"href":"https:\/\/ecomm-s1.com\/de\/wp-json\/wp\/v2\/media?parent=3092"}],"curies":[{"name":"wp","href":"https:\/\/api.w.org\/{rel}","templated":true}]}}