{"id":3090,"date":"2020-10-01T14:09:43","date_gmt":"2020-10-01T14:09:43","guid":{"rendered":"https:\/\/ecomm-s1.com\/politique-de-confidentialite\/"},"modified":"2023-01-31T11:13:06","modified_gmt":"2023-01-31T11:13:06","slug":"politique-de-confidentialite","status":"publish","type":"page","link":"https:\/\/ecomm-s1.com\/fr\/politique-de-confidentialite\/","title":{"rendered":"Politique de confidentialit\u00e9"},"content":{"rendered":"\n<h1 class=\"wp-block-heading\">Politique de confidentialit\u00e9<\/h1>\n\n<p><em>Derni\u00e8re mise \u00e0 jour : octobre 2022<\/em><\/p>\n\n<p>La pr\u00e9sente politique de confidentialit\u00e9 <strong>(\u00ab\u00a0Politique\u00a0\u00bb, \u00ab\u00a0Politique de confidentialit\u00e9\u00a0\u00bb)<\/strong> explique comment nous recueillons et utilisons vos informations personnelles en utilisant ce site web, en visitant ce site web, en utilisant nos applications et services, ou en nous contactant de toute autre mani\u00e8re.<\/p>\n\n<p>Dans la pr\u00e9sente politique de confidentialit\u00e9, vos donn\u00e9es sont parfois d\u00e9sign\u00e9es par les termes \u00ab\u00a0<strong>donn\u00e9es personnelles<\/strong>\u00a0\u00bb ou \u00ab\u00a0<strong>informations personnelles<\/strong>\u00ab\u00a0. Nous faisons parfois r\u00e9f\u00e9rence \u00e0 cette action comme \u00e9tant la collecte, la protection et le stockage de vos donn\u00e9es personnelles, \u00e9galement appel\u00e9e collectivement \u00ab\u00a0traitement\u00a0\u00bb de vos donn\u00e9es.<\/p>\n\n<p><strong>La soci\u00e9t\u00e9 s&rsquo;engage \u00e0 respecter les principes de confidentialit\u00e9 (y compris les principes d&rsquo;autor\u00e9gulation de la FTC pour la publicit\u00e9 comportementale en ligne) et toutes les dispositions pertinentes du Fair Credit Reporting Act (\u00ab\u00a0FCRA\u00a0\u00bb), Attack Control. se conformer \u00e0 la loi sur la pornographie et le marketing non sollicit\u00e9s (\u00ab\u00a0CAN-SPAM Act\u00a0\u00bb), \u00e0 la loi sur la protection des consommateurs par t\u00e9l\u00e9phone (\u00ab\u00a0TCPA\u00a0\u00bb) et \u00e0 d&rsquo;autres lois f\u00e9d\u00e9rales et \u00e9tatiques am\u00e9ricaines sur la protection de la vie priv\u00e9e<\/strong>  .<\/p>\n\n<p><strong>Dans la pr\u00e9sente politique, les termes \u00ab\u00a0soci\u00e9t\u00e9\u00a0\u00bb ou \u00ab\u00a0nous\u00a0\u00bb, \u00ab\u00a0notre\u00a0\u00bb, \u00ab\u00a0nos\u00a0\u00bb d\u00e9signent Label Products BV, une soci\u00e9t\u00e9 constitu\u00e9e aux Pays-Bas, dont le si\u00e8ge social est situ\u00e9 Steenovenweg 5, 5708 HN Helmond, Pays-Bas.  <\/strong><\/p>\n\n<div style=\"height:43px\" aria-hidden=\"true\" class=\"wp-block-spacer\"><\/div>\n\n<ol class=\"wp-block-list\">\n<li><strong>Quelles sont les donn\u00e9es personnelles que nous collectons ?<\/strong><\/li>\n<\/ol>\n\n<p>En utilisant ce site web, vous d\u00e9clarez que vous avez au moins l&rsquo;\u00e2ge de la majorit\u00e9 dans votre pays de r\u00e9sidence, ou que vous avez l&rsquo;\u00e2ge de la majorit\u00e9 dans votre pays de r\u00e9sidence et que vous nous avez donn\u00e9 votre consentement pour permettre \u00e0 vos d\u00e9pendants mineurs d&rsquo;utiliser ce site web.<\/p>\n\n<p>Lorsque vous visitez notre site web, nous pouvons enregistrer\/collecter les donn\u00e9es suivantes :<\/p>\n\n<ul class=\"wp-block-list\">\n<li>Votre num\u00e9ro de t\u00e9l\u00e9phone et votre adresse \u00e9lectronique.<\/li>\n<\/ul>\n\n<ul class=\"wp-block-list\">\n<li>Votre adresse IP et l&rsquo;horodatage de votre appareil.<\/li>\n<\/ul>\n\n<ul class=\"wp-block-list\">\n<li>Des informations sur votre appareil, votre navigateur et votre syst\u00e8me d&rsquo;exploitation.<\/li>\n<\/ul>\n\n<ul class=\"wp-block-list\">\n<li>les URL de r\u00e9f\u00e9rence que vous utilisez pendant vos visites.<\/li>\n<\/ul>\n\n<ul class=\"wp-block-list\">\n<li>Profil de donn\u00e9es de votre enregistrement et suppression de vos donn\u00e9es sur notre site web.<\/li>\n<\/ul>\n\n<div style=\"height:43px\" aria-hidden=\"true\" class=\"wp-block-spacer\"><\/div>\n\n<ol class=\"wp-block-list\" start=\"2\">\n<li><strong>Pourquoi nous collectons vos donn\u00e9es ?<\/strong><\/li>\n<\/ol>\n\n<p>Nous collectons vos donn\u00e9es pour les raisons suivantes :<\/p>\n\n<ul class=\"wp-block-list\">\n<li>Pour fournir, exploiter et maintenir notre service et permettre l&rsquo;acc\u00e8s \u00e0 votre compte.<\/li>\n<\/ul>\n\n<ul class=\"wp-block-list\">\n<li>Traiter, compl\u00e9ter et suivre les dossiers et les demandes de produits, de services, d&rsquo;assistance et d&rsquo;informations.<\/li>\n<\/ul>\n\n<ul class=\"wp-block-list\">\n<li>Pour v\u00e9rifier si vous pouvez utiliser notre service.<\/li>\n<\/ul>\n\n<ul class=\"wp-block-list\">\n<li>Pour mieux comprendre vos besoins.<\/li>\n<\/ul>\n\n<ul class=\"wp-block-list\">\n<li>Am\u00e9liorer nos services et nos produits.<\/li>\n<\/ul>\n\n<ul class=\"wp-block-list\">\n<li>D\u00e9tecter et pr\u00e9venir une \u00e9ventuelle fraude.<\/li>\n<\/ul>\n\n<ul class=\"wp-block-list\">\n<li>Pour vous envoyer des courriels promotionnels qui, selon nous, pourraient vous int\u00e9resser.<\/li>\n<\/ul>\n\n<ul class=\"wp-block-list\">\n<li>Pour vous contacter afin que vous puissiez r\u00e9pondre \u00e0 des enqu\u00eates et participer \u00e0 des \u00e9tudes de march\u00e9.<\/li>\n<\/ul>\n\n<ul class=\"wp-block-list\">\n<li>Pour pouvoir adapter notre site web \u00e0 votre comportement en ligne et \u00e0 vos int\u00e9r\u00eats.<\/li>\n<\/ul>\n\n<ul class=\"wp-block-list\">\n<li>Pour se conformer aux dispositions de la loi, faire respecter nos conditions ou d&rsquo;autres droits l\u00e9gaux ou lorsque cela est requis par la r\u00e9glementation ou exig\u00e9 par un tribunal ou une autorit\u00e9 gouvernementale.<\/li>\n<\/ul>\n\n<p>Nous recueillons les donn\u00e9es personnelles qui sont importantes pour les objectifs susmentionn\u00e9s et nous essayons de ne pas les conserver plus longtemps que les d\u00e9lais prescrits. Nous conservons vos donn\u00e9es personnelles pendant la dur\u00e9e n\u00e9cessaire pour atteindre les objectifs fix\u00e9s ou plus longtemps si la loi l&rsquo;exige. Une fois ce temps sp\u00e9cifique \u00e9coul\u00e9, toutes les donn\u00e9es seront supprim\u00e9es.<\/p>\n\n<p>Si vous ne souhaitez plus recevoir d&rsquo;e-mails de la soci\u00e9t\u00e9, vous pouvez cliquer sur le lien et vous d\u00e9sabonner.<\/p>\n\n<div style=\"height:43px\" aria-hidden=\"true\" class=\"wp-block-spacer\"><\/div>\n\n<ol class=\"wp-block-list\" start=\"3\">\n<li><strong>Les bases juridiques du traitement des donn\u00e9es personnelles<\/strong><\/li>\n<\/ol>\n\n<p>La base juridique du traitement des donn\u00e9es personnelles \u00e0 l&rsquo;aide de cookies est l&rsquo;article 6, paragraphe 1, de la lettre. (a), (b), (f) du r\u00e8glement g\u00e9n\u00e9ral sur la protection des donn\u00e9es (RGPD) en liaison avec l&rsquo;article 24 de la loi f\u00e9d\u00e9rale sur la protection des donn\u00e9es (BDSG) et l&rsquo;article 6 alin\u00e9a 1 lettre. (a) du GDPR pour les cookies qui n\u00e9cessitent un consentement.<\/p>\n\n<p>Nous utilisons vos donn\u00e9es personnelles aux fins susmentionn\u00e9es apr\u00e8s : (a) votre consentement ; (b) l&rsquo;ex\u00e9cution d&rsquo;un accord avec vous ; (c) nos int\u00e9r\u00eats dans la mise \u00e0 disposition de notre site web ; (d) nos int\u00e9r\u00eats \u00e0 exploiter notre site web, \u00e0 moins que vos int\u00e9r\u00eats ne l&#8217;emportent sur ceux-ci ; (e) se conformer aux obligations l\u00e9gales et r\u00e9glementaires, telles que B. les enregistrements \u00e0 des fins fiscales ou la fourniture d&rsquo;informations \u00e0 un organisme ou une autorit\u00e9 publique.<\/p>\n\n<div style=\"height:43px\" aria-hidden=\"true\" class=\"wp-block-spacer\"><\/div>\n\n<ol class=\"wp-block-list\" start=\"4\">\n<li><strong>Politique en mati\u00e8re de cookies<\/strong><\/li>\n<\/ol>\n\n<p>Les cookies sont de petits fichiers de lettres et de chiffres que nous stockons sur votre navigateur ou sur votre ordinateur, tablette ou appareil mobile si vous l&rsquo;acceptez. Les cookies contiennent des informations qui sont transf\u00e9r\u00e9es \u00e0 votre ordinateur. Un fichier cookie est stock\u00e9 dans votre navigateur et permet au site web ou \u00e0 un tiers de vous reconna\u00eetre et de faciliter votre prochaine visite.<\/p>\n\n<p>Si vous acceptez l&rsquo;utilisation de cookies sur notre site web, vous acceptez \u00e9galement l&rsquo;utilisation des donn\u00e9es que nous collectons (analyse du trafic web, sites web sur lesquels vous passez le plus de temps).<\/p>\n\n<p>Les donn\u00e9es que nous recueillons gr\u00e2ce aux cookies sont utilis\u00e9es pour adapter notre site web \u00e0 vos besoins. Une fois que nous avons utilis\u00e9 les donn\u00e9es pour les analyses, elles sont compl\u00e8tement supprim\u00e9es de nos syst\u00e8mes.<\/p>\n\n<p>Ne pensez pas que nous aurons un quelconque contr\u00f4le sur votre ordinateur gr\u00e2ce aux cookies. Il s&rsquo;agit simplement de contr\u00f4ler les pages que vous trouvez utiles et celles que vous ne trouvez pas utiles, afin que nous puissions vous offrir une meilleure exp\u00e9rience.<\/p>\n\n<p>Si vous souhaitez d\u00e9sactiver les cookies, vous pouvez le faire via les param\u00e8tres de votre navigateur. Toutefois, le blocage de tous les cookies aura un impact n\u00e9gatif sur l&rsquo;utilisation de nombreux sites web. Gardez \u00e9galement \u00e0 l&rsquo;esprit que si vous d\u00e9cidez de ne pas accepter les cookies, certaines fonctionnalit\u00e9s de notre service peuvent ne plus fonctionner pour vous.<\/p>\n\n<p>La base juridique du traitement des donn\u00e9es \u00e0 caract\u00e8re personnel \u00e0 l&rsquo;aide de cookies est l&rsquo;article 6, paragraphe 1, lettre (e) du r\u00e8glement (GDPR) en liaison avec l&rsquo;article 24 de la loi f\u00e9d\u00e9rale sur la protection des donn\u00e9es (BDSG) et\/ou l&rsquo;article 6, paragraphe 1, lettre (a) du GDPR pour les cookies.<\/p>\n\n<div style=\"height:43px\" aria-hidden=\"true\" class=\"wp-block-spacer\"><\/div>\n\n<ol class=\"wp-block-list\" start=\"5\">\n<li><strong>Vos droits concernant les donn\u00e9es personnelles<\/strong><\/li>\n<\/ol>\n\n<p>Outre les lois applicables en mati\u00e8re de protection des donn\u00e9es, vous disposez (sous certaines conditions) de certains droits en ce qui concerne vos donn\u00e9es. Vous pouvez obtenir de plus amples informations et des conseils sur vos droits aupr\u00e8s de l&rsquo;autorit\u00e9 de protection des donn\u00e9es de votre pays. Vous pouvez demander des informations sur vos droits en nous contactant.<\/p>\n\n<ul class=\"wp-block-list\">\n<li><strong>Le droit de s&rsquo;opposer au traitement : <\/strong>Vous avez le droit de vous opposer \u00e0 certains types de traitement, notamment le traitement \u00e0 des fins de marketing direct (c&rsquo;est-\u00e0-dire les courriels dans lesquels nous vous informons d&rsquo;autres services susceptibles de vous int\u00e9resser ou vous contactons au sujet de diverses offres potentielles).<\/li>\n<\/ul>\n\n<ul class=\"wp-block-list\">\n<li><strong>Le droit d&rsquo;\u00eatre inform\u00e9 : <\/strong>Le droit d&rsquo;\u00eatre inform\u00e9. Vous avez le droit de recevoir des informations faciles \u00e0 comprendre, sur la mani\u00e8re dont nous utilisons vos donn\u00e9es et sur vos droits. C&rsquo;est pourquoi nous vous fournissons les informations contenues dans cette politique.<\/li>\n<\/ul>\n\n<ul class=\"wp-block-list\">\n<li><strong>Le droit d&rsquo;acc\u00e8s.  <\/strong>Vous avez le droit d&rsquo;acc\u00e9der aux donn\u00e9es collect\u00e9es et vous pouvez nous demander d&rsquo;autres informations (comme dans la pr\u00e9sente politique de confidentialit\u00e9).<\/li>\n<\/ul>\n\n<ul class=\"wp-block-list\">\n<li><strong>Le droit de rectification : <\/strong> Vous avez le droit de faire rectifier vos donn\u00e9es si elles sont inexactes ou incompl\u00e8tes. Vous pouvez demander que nous corrigions les \u00e9ventuelles erreurs dans nos donn\u00e9es stock\u00e9es.<\/li>\n<\/ul>\n\n<ul class=\"wp-block-list\">\n<li><strong>Le droit de suppression : <\/strong>Vous avez le droit, en dehors des informations sp\u00e9cifiques, de demander que vos donn\u00e9es stock\u00e9es par nos soins soient supprim\u00e9es.<\/li>\n<\/ul>\n\n<ul class=\"wp-block-list\">\n<li><strong>Le droit de restreindre le traitement : <\/strong>Vous avez le droit de bloquer ou de restreindre l&rsquo;utilisation ult\u00e9rieure de vos donn\u00e9es. Si le traitement est restreint conform\u00e9ment \u00e0 ces droits, nous pouvons toujours stocker vos donn\u00e9es mais ne pas les utiliser. Nous disposons d&rsquo;une liste des personnes qui ont demand\u00e9 \u00e0 ce que l&rsquo;utilisation de leurs informations soit bloqu\u00e9e afin de garantir le respect de cet avis \u00e0 l&rsquo;avenir.<\/li>\n<\/ul>\n\n<ul class=\"wp-block-list\">\n<li><strong>Le droit \u00e0 la portabilit\u00e9 des donn\u00e9es : <\/strong>Vous avez le droit de recevoir et de r\u00e9utiliser vos donn\u00e9es \u00e0 vos propres fins dans diff\u00e9rents services. Par exemple, si vous d\u00e9cidez de changer de fournisseur. Toutefois, il ne s&rsquo;agit pas d&rsquo;un droit g\u00e9n\u00e9ral et il existe des exceptions.<\/li>\n<\/ul>\n\n<ul class=\"wp-block-list\">\n<li><strong>Le droit de d\u00e9poser une plainte : <\/strong>Vous avez le droit de d\u00e9poser une plainte aupr\u00e8s de votre autorit\u00e9 nationale de protection des donn\u00e9es concernant la mani\u00e8re dont nous traitons vos donn\u00e9es.<\/li>\n<\/ul>\n\n<ul class=\"wp-block-list\">\n<li><b>Le droit de retirer votre consentement :<\/b> Si le traitement de vos donn\u00e9es personnelles est bas\u00e9 sur votre consentement, vous avez le droit de refuser\/retirer votre consentement \u00e0 tout moment (mais ce que nous avons fait avec vos donn\u00e9es personnelles jusqu&rsquo;\u00e0 ce moment-l\u00e0 avec votre consentement ne signifie pas que cela \u00e9tait ill\u00e9gal). Vous pouvez retirer votre consentement au traitement de vos donn\u00e9es \u00e0 tout moment.<\/li>\n<\/ul>\n\n<p>Il est important que les informations personnelles que nous d\u00e9tenons \u00e0 votre sujet soient exactes et \u00e0 jour. Veuillez nous informer si vos donn\u00e9es personnelles changent au cours de la p\u00e9riode pendant laquelle nous les conservons.<\/p>\n\n<div style=\"height:43px\" aria-hidden=\"true\" class=\"wp-block-spacer\"><\/div>\n\n<ol class=\"wp-block-list\" start=\"6\">\n<li><strong>Protection et s\u00e9curit\u00e9 des donn\u00e9es personnelles<\/strong><\/li>\n<\/ol>\n\n<p>L&rsquo;entreprise s&rsquo;engage \u00e0 prot\u00e9ger vos informations et \u00e0 en assurer la confidentialit\u00e9. L&rsquo;entreprise a pris toutes les mesures n\u00e9cessaires pour pr\u00e9venir le vol de donn\u00e9es, l&rsquo;acc\u00e8s non autoris\u00e9 et la divulgation en utilisant les derni\u00e8res technologies et les derniers logiciels, qui nous aident \u00e0 s\u00e9curiser toutes les informations que nous recueillons en ligne.<\/p>\n\n<p>Conform\u00e9ment au r\u00e8glement g\u00e9n\u00e9ral sur la protection des donn\u00e9es, nous avons mis au point des mesures de s\u00e9curit\u00e9 pour faire face \u00e0 toute violation potentielle des donn\u00e9es personnelles. Vous et tout organisme de r\u00e9glementation applicable seront inform\u00e9s en cas de violation de la protection.<\/p>\n\n<p>Nous ne sommes pas responsables de la s\u00e9curit\u00e9 des applications et services de tiers ou des donn\u00e9es collect\u00e9es par ces derniers. Veuillez demander \u00e0 ces tiers comment ils prot\u00e8gent vos donn\u00e9es.<\/p>\n\n<div style=\"height:43px\" aria-hidden=\"true\" class=\"wp-block-spacer\"><\/div>\n\n<ol class=\"wp-block-list\" start=\"7\">\n<li><strong>Divulgation de donn\u00e9es\/Informations personnelles<\/strong><\/li>\n<\/ol>\n\n<p>Nous pouvons \u00eatre tenus de divulguer vos informations personnelles \u00e0 certaines autorit\u00e9s ou autres tiers conform\u00e9ment \u00e0 la loi, par exemple B. aux autorit\u00e9s charg\u00e9es de l&rsquo;application de la loi dans les pays o\u00f9 nous ou des tiers op\u00e9rons en notre nom. Nous pouvons donc \u00e9galement divulguer et traiter vos donn\u00e9es personnelles conform\u00e9ment \u00e0 la loi afin de d\u00e9fendre les int\u00e9r\u00eats de l&rsquo;entreprise, par exemple B. dans le cadre de proc\u00e9dures judiciaires ou d&rsquo;affaires officielles.<\/p>\n\n<p>Par cons\u00e9quent, dans les cas o\u00f9 nous d\u00e9cidons de vendre, d&rsquo;acheter ou de r\u00e9organiser d&rsquo;une autre mani\u00e8re nos activit\u00e9s dans certains pays, nous pouvons divulguer vos informations personnelles \u00e0 des acheteurs potentiels ou r\u00e9els, ou recevoir des informations personnelles de la part des vendeurs.<\/p>\n\n<div style=\"height:43px\" aria-hidden=\"true\" class=\"wp-block-spacer\"><\/div>\n\n<ol class=\"wp-block-list\" start=\"8\">\n<li><strong>Choix et changements dans l&rsquo;information<\/strong><\/li>\n<\/ol>\n\n<p>Nos courriels de marketing vous indiqueront comment vous d\u00e9sabonner des autres courriels de marketing. Si vous vous d\u00e9sinscrivez, nous ne serons pas en mesure de vous envoyer d&rsquo;autres courriels \u00e0 caract\u00e8re commercial. Les courriels non commerciaux comprennent des courriels concernant vos comptes et notre activit\u00e9 aupr\u00e8s de vous, et peuvent \u00e9galement inclure des demandes de participation \u00e0 des enqu\u00eates sur votre utilisation des services et votre satisfaction \u00e0 leur \u00e9gard.<\/p>\n\n<p>Vous pouvez nous envoyer des demandes concernant vos donn\u00e9es personnelles par l&rsquo;interm\u00e9diaire de notre courrier \u00e9lectronique. Vous pouvez modifier vos choix de contact ou de marketing, et mettre \u00e0 jour, acc\u00e9der, supprimer ou apporter d&rsquo;autres modifications \u00e0 vos informations d&rsquo;identification personnelle ou \u00e0 tout contenu que vous publiez sur les services, conform\u00e9ment \u00e0 vos droits \u00e9nonc\u00e9s ci-dessus. Nous ne pouvons r\u00e9pondre qu&rsquo;aux demandes l\u00e9galement requises.<\/p>\n\n<p>Outre les choix, comme expliqu\u00e9 plus en d\u00e9tail dans la pr\u00e9sente politique, il existe de nombreuses fa\u00e7ons dont les signaux des navigateurs web (\u00e9galement appel\u00e9s \u00ab\u00a0Do Not Track\u00a0\u00bb ou \u00ab\u00a0DNT\u00a0\u00bb) et les m\u00e9canismes similaires peuvent indiquer votre d\u00e9cision de refuser le suivi, mais sachez que nous ne sommes pas tous ces m\u00e9canismes. Vous pouvez utiliser d&rsquo;autres outils pour contr\u00f4ler la collecte et l&rsquo;utilisation des donn\u00e9es, notamment les contr\u00f4les d\u00e9crits dans la pr\u00e9sente politique.<\/p>\n\n<div style=\"height:43px\" aria-hidden=\"true\" class=\"wp-block-spacer\"><\/div>\n\n<ol class=\"wp-block-list\" start=\"9\">\n<li><strong>Transfert international de donn\u00e9es personnelles<\/strong><\/li>\n<\/ol>\n\n<p>Nous pouvons offrir des produits et des services en utilisant des ressources provenant de diff\u00e9rents pays du monde. Si vos donn\u00e9es personnelles sont transf\u00e9r\u00e9es de l&rsquo;UE vers des pays situ\u00e9s en dehors de l&rsquo;Espace \u00e9conomique europ\u00e9en (EEE), les mesures de s\u00e9curit\u00e9 n\u00e9cessaires seront prises pour prot\u00e9ger vos donn\u00e9es ; nous veillons \u00e0 ce que tous les transferts de donn\u00e9es soient conformes aux lois applicables en mati\u00e8re de protection des donn\u00e9es et \u00e0 nos instructions.<\/p>\n\n<div style=\"height:43px\" aria-hidden=\"true\" class=\"wp-block-spacer\"><\/div>\n\n<ol class=\"wp-block-list\" start=\"10\">\n<li><strong>Liens vers d&rsquo;autres sites<\/strong><\/li>\n<\/ol>\n\n<p>Notre site web contient des liens vers d&rsquo;autres sites web. Si vous cliquez sur ces liens, l&rsquo;entreprise n&rsquo;est pas responsable de la protection de vos donn\u00e9es et de votre vie priv\u00e9e. La visite de ces sites web n&rsquo;est pas soumise aux dispositions du pr\u00e9sent accord sur la protection des donn\u00e9es. Lisez la politique de confidentialit\u00e9 du site web auquel vous acc\u00e9dez \u00e0 partir de notre site web.<\/p>\n\n<div style=\"height:43px\" aria-hidden=\"true\" class=\"wp-block-spacer\"><\/div>\n\n<ol class=\"wp-block-list\" start=\"11\">\n<li><strong>Avis de non-responsabilit\u00e9<\/strong><\/li>\n<\/ol>\n\n<p>La soci\u00e9t\u00e9 ne peut \u00eatre tenue responsable de tout co\u00fbt, d\u00e9pense, perte de b\u00e9n\u00e9fices, atteinte \u00e0 la r\u00e9putation, dommage, responsabilit\u00e9 ou tout autre type de perte ou de dommage que vous pourriez subir en raison de votre d\u00e9cision de nous fournir vos informations personnelles. Cette clause de non-responsabilit\u00e9 ne s&rsquo;applique pas aux utilisateurs des zones officielles dans lesquelles de telles clauses de non-responsabilit\u00e9 ne sont pas autoris\u00e9es.<\/p>\n\n<div style=\"height:43px\" aria-hidden=\"true\" class=\"wp-block-spacer\"><\/div>\n\n<ol class=\"wp-block-list\" start=\"12\">\n<li><strong>Modifications de la pr\u00e9sente politique de confidentialit\u00e9<\/strong><\/li>\n<\/ol>\n\n<p>La soci\u00e9t\u00e9 peut apporter des modifications \u00e0 la pr\u00e9sente politique \u00e0 tout moment et publiera la version r\u00e9vis\u00e9e sur le site Web. Si une version r\u00e9vis\u00e9e devait repr\u00e9senter des changements importants, ceux-ci prendraient effet imm\u00e9diatement et seraient signal\u00e9s par la date de mise \u00e0 jour ci-dessus. Vous devriez consulter cette page de temps en temps pour \u00eatre inform\u00e9 de tout changement. Votre utilisation du site apr\u00e8s de telles modifications constituera votre acceptation de ces modifications.<\/p>\n\n<div style=\"height:43px\" aria-hidden=\"true\" class=\"wp-block-spacer\"><\/div>\n\n<ol class=\"wp-block-list\" start=\"13\">\n<li><strong>Divisibilit\u00e9<\/strong><\/li>\n<\/ol>\n\n<p>Si une disposition de la pr\u00e9sente politique de confidentialit\u00e9 est interdite par la loi ou jug\u00e9e inapplicable, cette disposition sera supprim\u00e9e et les autres dispositions de la pr\u00e9sente politique ne seront pas affect\u00e9es, de sorte que la pr\u00e9sente politique restera pleinement en vigueur comme si la disposition inapplicable n&rsquo;avait jamais fait partie de la pr\u00e9sente politique.<\/p>\n\n<div style=\"height:43px\" aria-hidden=\"true\" class=\"wp-block-spacer\"><\/div>\n\n<ol class=\"wp-block-list\" start=\"14\">\n<li><strong>Loi applicable<\/strong><\/li>\n<\/ol>\n\n<p>La pr\u00e9sente politique et tout litige, controverse, proc\u00e9dure ou r\u00e9clamation de quelque nature que ce soit d\u00e9coulant de ou li\u00e9 de quelque mani\u00e8re que ce soit \u00e0 la pr\u00e9sente politique (y compris tout litige non contractuel) seront r\u00e9gis et interpr\u00e9t\u00e9s conform\u00e9ment au droit n\u00e9erlandais.<\/p>\n\n<p>En cas de litige, les parties conviennent que le tribunal comp\u00e9tent d&rsquo;Amsterdam sera comp\u00e9tent pour entendre et\/ou d\u00e9cider de tout litige, controverse ou r\u00e9clamation (y compris les litiges, controverses ou r\u00e9clamations non contractuels) d\u00e9coulant de ou li\u00e9s aux pr\u00e9sentes Conditions, \u00e9galement en ce qui concerne la validit\u00e9, la cr\u00e9ation ou la r\u00e9siliation.<\/p>\n\n<div style=\"height:43px\" aria-hidden=\"true\" class=\"wp-block-spacer\"><\/div>\n\n<ol class=\"wp-block-list\" start=\"15\">\n<li><strong>Coordonn\u00e9es de contact<\/strong><\/li>\n<\/ol>\n\n<p>Si vous avez des questions concernant vos donn\u00e9es personnelles, l&rsquo;acc\u00e8s, la rectification ou la suppression de vos donn\u00e9es, veuillez nous contacter \u00e0 :<\/p>\n\n<p>par courrier \u00e9lectronique :<\/p>\n\n<ul class=\"wp-block-list\">\n<li><a href=\"mailto:support@ecomm-s1.com\">support@ecomm-s1.com<\/a> (anglais)<\/li>\n<\/ul>\n\n<ul class=\"wp-block-list\">\n<li><a href=\"mailto:kundenservice@ecomm-s1.com\">kundenservice@ecomm-s1.com<\/a> (allemand)<\/li>\n\n\n\n<li><a href=\"mailto:serviceclient@ecomm-s1.com\">serviceclient@ecomm-s1.com<\/a> (fran\u00e7ais)<\/li>\n<\/ul>\n\n<p>ou appelez-nous au :<\/p>\n\n<ul class=\"wp-block-list\">\n<li><a href=\"tel:+18663008985\" target=\"_blank\" rel=\"noopener\">+18663008985<\/a> (USA)<\/li>\n\n\n\n<li><a href=\"tel:+448000729935\">+448000729935<\/a> (UK)<\/li>\n<\/ul>\n\n<ul class=\"wp-block-list\">\n<li><a href=\"tel:+498002309023\">+498002309023<\/a> (DE)<\/li>\n<\/ul>\n\n<ul class=\"wp-block-list\">\n<li><a href=\"tel:+43800909739\">+43800909739<\/a> (AT)<\/li>\n\n\n\n<li><a href=\"tel:+33800945428\">+33800945428<\/a> (FR)<\/li>\n<\/ul>\n\n<p>Nous vous r\u00e9pondrons dans les plus brefs d\u00e9lais.<\/p>\n\n<p>La soci\u00e9t\u00e9 ne fournit pas de d\u00e9lai de r\u00e9ponse garanti, mais s&rsquo;efforce de r\u00e9pondre \u00e0 vos questions dans les cinq (5) jours ouvrables.<\/p>\n","protected":false},"excerpt":{"rendered":"<p>Politique de confidentialit\u00e9 Derni\u00e8re mise \u00e0 jour : octobre 2022 La pr\u00e9sente politique de confidentialit\u00e9 (\u00ab\u00a0Politique\u00a0\u00bb, \u00ab\u00a0Politique de confidentialit\u00e9\u00a0\u00bb) explique comment nous recueillons et utilisons vos informations personnelles en utilisant ce site web, en visitant ce site web, en utilisant nos applications et services, ou en nous contactant de toute autre mani\u00e8re. Dans la pr\u00e9sente [&hellip;]<\/p>\n","protected":false},"author":1,"featured_media":0,"parent":0,"menu_order":0,"comment_status":"closed","ping_status":"closed","template":"","meta":{"footnotes":""},"class_list":["post-3090","page","type-page","status-publish","hentry"],"_links":{"self":[{"href":"https:\/\/ecomm-s1.com\/fr\/wp-json\/wp\/v2\/pages\/3090","targetHints":{"allow":["GET"]}}],"collection":[{"href":"https:\/\/ecomm-s1.com\/fr\/wp-json\/wp\/v2\/pages"}],"about":[{"href":"https:\/\/ecomm-s1.com\/fr\/wp-json\/wp\/v2\/types\/page"}],"author":[{"embeddable":true,"href":"https:\/\/ecomm-s1.com\/fr\/wp-json\/wp\/v2\/users\/1"}],"replies":[{"embeddable":true,"href":"https:\/\/ecomm-s1.com\/fr\/wp-json\/wp\/v2\/comments?post=3090"}],"version-history":[{"count":1,"href":"https:\/\/ecomm-s1.com\/fr\/wp-json\/wp\/v2\/pages\/3090\/revisions"}],"predecessor-version":[{"id":3091,"href":"https:\/\/ecomm-s1.com\/fr\/wp-json\/wp\/v2\/pages\/3090\/revisions\/3091"}],"wp:attachment":[{"href":"https:\/\/ecomm-s1.com\/fr\/wp-json\/wp\/v2\/media?parent=3090"}],"curies":[{"name":"wp","href":"https:\/\/api.w.org\/{rel}","templated":true}]}}